{"id":76,"date":"2016-12-18T12:20:42","date_gmt":"2016-12-18T12:20:42","guid":{"rendered":"https:\/\/sp-kruse.de\/?page_id=76"},"modified":"2019-04-12T08:51:07","modified_gmt":"2019-04-12T08:51:07","slug":"service","status":"publish","type":"page","link":"https:\/\/sp-kruse.de\/?page_id=76","title":{"rendered":"Service"},"content":{"rendered":"<h4><strong>Herzlich willkommen beim Servicepartner SP-Kruse.<\/strong><\/h4>\n<p><strong>Mein Fachgesch\u00e4ft im EKZ Hohnstorf gibt es seit November 2000. Als Meister im Radio- und Fernsehtechnik Handwerk \u00fcbernehmen ich alle Arbeiten rund um die Unterhaltungselektronik, Antennen- und Satellitenanlagen, Multimedia und Telecom. Ob Verkauf, Installation oder Reparatur, f\u00fcr alles bin ich f\u00fcr Sie da.<br \/>\n<\/strong><\/p>\n<p><img loading=\"lazy\" decoding=\"async\" class=\"alignnone wp-image-18 size-large\" src=\"https:\/\/sp-kruse.de\/wp-content\/uploads\/2016\/12\/Werkstatt-1024x614.jpg\" width=\"1024\" height=\"614\" srcset=\"https:\/\/sp-kruse.de\/wp-content\/uploads\/2016\/12\/Werkstatt-1024x614.jpg 1024w, https:\/\/sp-kruse.de\/wp-content\/uploads\/2016\/12\/Werkstatt-300x180.jpg 300w, https:\/\/sp-kruse.de\/wp-content\/uploads\/2016\/12\/Werkstatt-768x461.jpg 768w, https:\/\/sp-kruse.de\/wp-content\/uploads\/2016\/12\/Werkstatt-830x498.jpg 830w, https:\/\/sp-kruse.de\/wp-content\/uploads\/2016\/12\/Werkstatt-230x138.jpg 230w, https:\/\/sp-kruse.de\/wp-content\/uploads\/2016\/12\/Werkstatt-350x210.jpg 350w, https:\/\/sp-kruse.de\/wp-content\/uploads\/2016\/12\/Werkstatt-480x288.jpg 480w\" sizes=\"auto, (max-width: 1024px) 100vw, 1024px\" \/><\/p>\n<p><strong>Gern komme ich auch zu Ihnen nach Hause. Vereinbaren Sie einfach einen Termin mit mir.<\/strong><\/p>\n<p><img loading=\"lazy\" decoding=\"async\" class=\"alignnone wp-image-113 size-large\" src=\"https:\/\/sp-kruse.de\/wp-content\/uploads\/2016\/12\/Service-1024x614.jpg\" width=\"1024\" height=\"614\" srcset=\"https:\/\/sp-kruse.de\/wp-content\/uploads\/2016\/12\/Service-1024x614.jpg 1024w, https:\/\/sp-kruse.de\/wp-content\/uploads\/2016\/12\/Service-300x180.jpg 300w, https:\/\/sp-kruse.de\/wp-content\/uploads\/2016\/12\/Service-768x461.jpg 768w, https:\/\/sp-kruse.de\/wp-content\/uploads\/2016\/12\/Service-830x498.jpg 830w, https:\/\/sp-kruse.de\/wp-content\/uploads\/2016\/12\/Service-230x138.jpg 230w, https:\/\/sp-kruse.de\/wp-content\/uploads\/2016\/12\/Service-350x210.jpg 350w, https:\/\/sp-kruse.de\/wp-content\/uploads\/2016\/12\/Service-480x288.jpg 480w\" sizes=\"auto, (max-width: 1024px) 100vw, 1024px\" \/><\/p>\n<div id=\"content\">\n<div id=\"c12\" class=\"csc-default\">\n<div class=\"csc-header csc-header-n2\">\n<h4>Mein Service:<\/h4>\n<\/div>\n<\/div>\n<div id=\"c4284\" class=\"csc-default\">\n<div class=\"user-spservices-pi1\">\n<div id=\"c13\" class=\"csc-default\">\n<div class=\"csc-textpic csc-textpic-intext-right-nowrap csc-textpic-equalheight\">\n<div>\n<div class=\"csc-textpic-text\">\n<p class=\"bodytext\"><strong> <img loading=\"lazy\" decoding=\"async\" class=\"alignnone size-large wp-image-332\" src=\"https:\/\/sp-kruse.de\/wp-content\/uploads\/2019\/04\/EP_Service_Plakate_Reparatur-2-1-723x1024.jpg\" alt=\"\" width=\"723\" height=\"1024\" srcset=\"https:\/\/sp-kruse.de\/wp-content\/uploads\/2019\/04\/EP_Service_Plakate_Reparatur-2-1-723x1024.jpg 723w, https:\/\/sp-kruse.de\/wp-content\/uploads\/2019\/04\/EP_Service_Plakate_Reparatur-2-1-212x300.jpg 212w, https:\/\/sp-kruse.de\/wp-content\/uploads\/2019\/04\/EP_Service_Plakate_Reparatur-2-1-768x1087.jpg 768w, https:\/\/sp-kruse.de\/wp-content\/uploads\/2019\/04\/EP_Service_Plakate_Reparatur-2-1-830x1175.jpg 830w, https:\/\/sp-kruse.de\/wp-content\/uploads\/2019\/04\/EP_Service_Plakate_Reparatur-2-1-230x326.jpg 230w, https:\/\/sp-kruse.de\/wp-content\/uploads\/2019\/04\/EP_Service_Plakate_Reparatur-2-1-350x496.jpg 350w, https:\/\/sp-kruse.de\/wp-content\/uploads\/2019\/04\/EP_Service_Plakate_Reparatur-2-1-480x680.jpg 480w\" sizes=\"auto, (max-width: 723px) 100vw, 723px\" \/><\/strong><\/p>\n<\/div>\n<\/div>\n<\/div>\n<\/div>\n<div id=\"c13\" class=\"csc-default\">\n<div class=\"csc-textpic csc-textpic-intext-right-nowrap csc-textpic-equalheight\">\n<div>\n<div class=\"csc-textpic-text\">\n<p class=\"bodytext\"><b>Montageservice<\/b><\/p>\n<p class=\"bodytext\">Da passt Eins zum Anderen:\u00a0Ich liefere saubere Arbeit ab \u2013 von der fachgerechten Montage bis hin zu allen Einstellungen f\u00fcr die unverz\u00fcgliche Inbetriebnahme.<\/p>\n<\/div>\n<\/div>\n<\/div>\n<div class=\"csc-textpic-clear\"><\/div>\n<\/div>\n<div id=\"c13\" class=\"csc-default\">\n<div class=\"csc-textpic csc-textpic-intext-right-nowrap csc-textpic-equalheight\">\n<div class=\"csc-textpic-imagewrap csc-textpic-single-image\"><\/div>\n<div>\n<div class=\"csc-textpic-text\">\n<p class=\"bodytext\"><b>Lieferservice<\/b><\/p>\n<p class=\"bodytext\">Ich liefere\u00a0auf Wunsch nach Hause, stelle auf und schlie\u00dfe fachgerecht an. Programmeinstellung und Sortierung kein Problem, Ihr Ger\u00e4t wird betriebsbereit aufgestellt.<\/p>\n<\/div>\n<\/div>\n<\/div>\n<div class=\"csc-textpic-clear\"><\/div>\n<\/div>\n<div id=\"c13\" class=\"csc-default\">\n<div class=\"csc-textpic csc-textpic-intext-right-nowrap csc-textpic-equalheight\">\n<div class=\"csc-textpic-imagewrap csc-textpic-single-image\"><\/div>\n<\/div>\n<div class=\"csc-textpic-clear\"><\/div>\n<\/div>\n<div id=\"c13\" class=\"csc-default\">\n<div class=\"csc-textpic csc-textpic-intext-right-nowrap csc-textpic-equalheight\">\n<div class=\"csc-textpic-imagewrap csc-textpic-single-image\"><\/div>\n<div>\n<div class=\"csc-textpic-text\">\n<p class=\"bodytext\"><b>Reparaturservice<\/b><\/p>\n<p class=\"bodytext\">Alle Ger\u00e4te aus dem Bereich Unterhaltungselektronik,Satellitenanlagen, Multimedia und Telekommunikation.<\/p>\n<\/div>\n<\/div>\n<\/div>\n<div class=\"csc-textpic-clear\"><\/div>\n<\/div>\n<div id=\"c13\" class=\"csc-default\">\n<div class=\"csc-textpic csc-textpic-intext-right-nowrap csc-textpic-equalheight\">\n<div class=\"csc-textpic-imagewrap csc-textpic-single-image\"><\/div>\n<div>\n<div class=\"csc-textpic-text\">\n<p class=\"bodytext\"><b>Inzahlungnahme<\/b><\/p>\n<p class=\"bodytext\">Ihr \u201eAltger\u00e4t\u201c steht bei uns hoch im Kurs! Wir machen Ihnen gern ein Angebot. So f\u00e4llt die Neuanschaffung gleich viel leichter.<\/p>\n<\/div>\n<\/div>\n<\/div>\n<div class=\"csc-textpic-clear\"><\/div>\n<\/div>\n<div id=\"c13\" class=\"csc-default\"><\/div>\n<div id=\"c13\" class=\"csc-default\">\n<div class=\"csc-textpic-clear\"><\/div>\n<\/div>\n<div id=\"c13\" class=\"csc-default\">\n<div class=\"csc-textpic csc-textpic-intext-right-nowrap csc-textpic-equalheight\">\n<div class=\"csc-textpic-imagewrap csc-textpic-single-image\"><\/div>\n<div>\n<div class=\"csc-textpic-text\">\n<p class=\"bodytext\"><b>Ger\u00e4techeck<\/b><\/p>\n<p class=\"bodytext\">L\u00e4uft alles bestens? Bei uns bekommen elektrische Ger\u00e4te die Pflege und Wartung, die sie brauchen! So k\u00f6nnen Sie teuren Reparaturen wirkungsvoll vorbeugen.<\/p>\n<\/div>\n<\/div>\n<\/div>\n<div class=\"csc-textpic-clear\"><\/div>\n<\/div>\n<div id=\"c13\" class=\"csc-default\">\n<div class=\"csc-textpic csc-textpic-intext-right-nowrap csc-textpic-equalheight\">\n<div class=\"csc-textpic-imagewrap csc-textpic-single-image\"><\/div>\n<div>\n<div class=\"csc-textpic-text\">\n<p class=\"bodytext\"><b>Leihger\u00e4te<\/b><\/p>\n<p class=\"bodytext\">Fernseher oder anderes Elektroger\u00e4t defekt? Bei uns schauen Sie nicht in die R\u00f6hre! F\u00fcr die Dauer der Reparatur halten wir ein Leihger\u00e4t f\u00fcr Sie bereit.<\/p>\n<\/div>\n<\/div>\n<\/div>\n<div class=\"csc-textpic-clear\"><\/div>\n<\/div>\n<div id=\"c13\" class=\"csc-default\">\n<div class=\"csc-textpic csc-textpic-intext-right-nowrap csc-textpic-equalheight\">\n<div class=\"csc-textpic-imagewrap csc-textpic-single-image\"><\/div>\n<div>\n<div class=\"csc-textpic-text\">\n<p class=\"bodytext\"><b>Heimvernetzung<\/b><\/p>\n<p class=\"bodytext\">Wenn es um die professionelle Vernetzung Ihres technischen Equipments geht, erarbeiten wir auf Wunsch individuelle L\u00f6sungsvorschl\u00e4ge. F\u00fcr mehr Sicherheit, Komfort, Energieeinsparung und Unterhaltungsspa\u00df!<\/p>\n<\/div>\n<\/div>\n<\/div>\n<div class=\"csc-textpic-clear\"><\/div>\n<\/div>\n<div id=\"c13\" class=\"csc-default\">\n<div class=\"csc-textpic csc-textpic-intext-right-nowrap csc-textpic-equalheight\">\n<div class=\"csc-textpic-imagewrap csc-textpic-single-image\"><\/div>\n<div>\n<div class=\"csc-textpic-text\">\n<p class=\"bodytext\"><b>Individual Konfiguration<\/b><\/p>\n<p class=\"bodytext\">Wir installieren Ihren DSL-Zugang, Ihre Virenschutzsoftware, r\u00fcsten Ihren Computer bzw. Ihr Notebook auf und vieles mehr. Fragen Sie uns nach unseren g\u00fcnstigen und umfassenden Dienstleistungen rund um Ihren PC!<\/p>\n<\/div>\n<\/div>\n<\/div>\n<div class=\"csc-textpic-clear\"><\/div>\n<\/div>\n<div id=\"c13\" class=\"csc-default\">\n<div class=\"csc-textpic csc-textpic-intext-right-nowrap csc-textpic-equalheight\">\n<div class=\"csc-textpic-imagewrap csc-textpic-single-image\"><\/div>\n<div>\n<div class=\"csc-textpic-text\">\n<p class=\"bodytext\"><b>Sat-Montage<\/b><\/p>\n<p class=\"bodytext\">Ist Ihre Sat-Sch\u00fcssel digitaltauglich? Empfangen Sie alle Sender in optimaler Bild- und Tonqualit\u00e4t? Ob Sat- oder Kabel-Anschluss \u2013 wir planen, montieren, installieren. Schnell, gut und g\u00fcnstig.<\/p>\n<\/div>\n<\/div>\n<\/div>\n<div class=\"csc-textpic-clear\"><\/div>\n<\/div>\n<div id=\"c13\" class=\"csc-default\">\n<div class=\"csc-textpic csc-textpic-intext-right-nowrap csc-textpic-equalheight\">\n<div class=\"csc-textpic-imagewrap csc-textpic-single-image\"><\/div>\n<div>\n<div class=\"csc-textpic-text\">\n<p class=\"bodytext\"><b>Tarifberatung<\/b><\/p>\n<p class=\"bodytext\">Wir haben alle Netze und Anbieter und kennen deren Tarife im Detail. Wir beraten Sie, welcher Tarif am besten zu Ihnen passt. Und nat\u00fcrlich f\u00fchren wir Ihnen auch gern die neuesten Ger\u00e4te vor.<\/p>\n<\/div>\n<\/div>\n<\/div>\n<div class=\"csc-textpic-clear\"><\/div>\n<\/div>\n<\/div>\n<\/div>\n<\/div>\n<div><\/div>\n<div id=\"footer\"><\/div>\n","protected":false},"excerpt":{"rendered":"<p>Herzlich willkommen beim Servicepartner SP-Kruse. Mein Fachgesch\u00e4ft im EKZ Hohnstorf gibt es seit November 2000. Als Meister im Radio- und Fernsehtechnik Handwerk [&hellip;]<\/p>\n","protected":false},"author":1,"featured_media":0,"parent":0,"menu_order":0,"comment_status":"closed","ping_status":"closed","template":"","meta":{"footnotes":""},"class_list":["post-76","page","type-page","status-publish","hentry"],"_links":{"self":[{"href":"https:\/\/sp-kruse.de\/index.php?rest_route=\/wp\/v2\/pages\/76","targetHints":{"allow":["GET"]}}],"collection":[{"href":"https:\/\/sp-kruse.de\/index.php?rest_route=\/wp\/v2\/pages"}],"about":[{"href":"https:\/\/sp-kruse.de\/index.php?rest_route=\/wp\/v2\/types\/page"}],"author":[{"embeddable":true,"href":"https:\/\/sp-kruse.de\/index.php?rest_route=\/wp\/v2\/users\/1"}],"replies":[{"embeddable":true,"href":"https:\/\/sp-kruse.de\/index.php?rest_route=%2Fwp%2Fv2%2Fcomments&post=76"}],"version-history":[{"count":12,"href":"https:\/\/sp-kruse.de\/index.php?rest_route=\/wp\/v2\/pages\/76\/revisions"}],"predecessor-version":[{"id":334,"href":"https:\/\/sp-kruse.de\/index.php?rest_route=\/wp\/v2\/pages\/76\/revisions\/334"}],"wp:attachment":[{"href":"https:\/\/sp-kruse.de\/index.php?rest_route=%2Fwp%2Fv2%2Fmedia&parent=76"}],"curies":[{"name":"wp","href":"https:\/\/api.w.org\/{rel}","templated":true}]}}