{"id":37,"date":"2016-12-18T09:09:45","date_gmt":"2016-12-18T09:09:45","guid":{"rendered":"https:\/\/sp-kruse.de\/?page_id=37"},"modified":"2026-03-06T07:18:26","modified_gmt":"2026-03-06T07:18:26","slug":"produkte","status":"publish","type":"page","link":"https:\/\/sp-kruse.de\/?page_id=37","title":{"rendered":"Unterhaltungselektronik"},"content":{"rendered":"<p><strong><img loading=\"lazy\" decoding=\"async\" class=\"alignnone wp-image-892 size-full\" src=\"https:\/\/sp-kruse.de\/wp-content\/uploads\/2024\/01\/Bild-Laden-scaled.jpg\" alt=\"\" width=\"2560\" height=\"1440\" srcset=\"https:\/\/sp-kruse.de\/wp-content\/uploads\/2024\/01\/Bild-Laden-scaled.jpg 2560w, https:\/\/sp-kruse.de\/wp-content\/uploads\/2024\/01\/Bild-Laden-300x169.jpg 300w, https:\/\/sp-kruse.de\/wp-content\/uploads\/2024\/01\/Bild-Laden-1024x576.jpg 1024w, https:\/\/sp-kruse.de\/wp-content\/uploads\/2024\/01\/Bild-Laden-768x432.jpg 768w, https:\/\/sp-kruse.de\/wp-content\/uploads\/2024\/01\/Bild-Laden-1536x864.jpg 1536w, https:\/\/sp-kruse.de\/wp-content\/uploads\/2024\/01\/Bild-Laden-2048x1152.jpg 2048w, https:\/\/sp-kruse.de\/wp-content\/uploads\/2024\/01\/Bild-Laden-1000x563.jpg 1000w, https:\/\/sp-kruse.de\/wp-content\/uploads\/2024\/01\/Bild-Laden-230x129.jpg 230w, https:\/\/sp-kruse.de\/wp-content\/uploads\/2024\/01\/Bild-Laden-350x197.jpg 350w, https:\/\/sp-kruse.de\/wp-content\/uploads\/2024\/01\/Bild-Laden-480x270.jpg 480w\" sizes=\"auto, (max-width: 2560px) 100vw, 2560px\" \/>Hier finden Sie eine Auswahl an Hersteller aus dem Bereich Unterhaltungselektronik, die ich vertreibe.<\/strong><\/p>\n<p><strong>Metz TV &#8211; Made in Germany<\/strong><\/p>\n<p><a href=\"https:\/\/metz-ce.de\" rel=\"https:\/\/metz-ce.de\"><img loading=\"lazy\" decoding=\"async\" class=\"alignnone wp-image-777 size-full\" src=\"https:\/\/sp-kruse.de\/wp-content\/uploads\/2023\/03\/00955ef9-6bd0-b2a8-30f5-c0e9ac4659e9.png\" alt=\"\" width=\"756\" height=\"567\" srcset=\"https:\/\/sp-kruse.de\/wp-content\/uploads\/2023\/03\/00955ef9-6bd0-b2a8-30f5-c0e9ac4659e9.png 756w, https:\/\/sp-kruse.de\/wp-content\/uploads\/2023\/03\/00955ef9-6bd0-b2a8-30f5-c0e9ac4659e9-300x225.png 300w, https:\/\/sp-kruse.de\/wp-content\/uploads\/2023\/03\/00955ef9-6bd0-b2a8-30f5-c0e9ac4659e9-230x173.png 230w, https:\/\/sp-kruse.de\/wp-content\/uploads\/2023\/03\/00955ef9-6bd0-b2a8-30f5-c0e9ac4659e9-350x263.png 350w, https:\/\/sp-kruse.de\/wp-content\/uploads\/2023\/03\/00955ef9-6bd0-b2a8-30f5-c0e9ac4659e9-480x360.png 480w\" sizes=\"auto, (max-width: 756px) 100vw, 756px\" \/><\/a><\/p>\n<p><strong>Metz OLED TV Lunis 55 bei uns erleben! Einfache Bedienung mit Aufnahmefunktion durch die integrierte Festplatte. Sechs Frontlautsprecher und einen Tieftonlautsprecher in der R\u00fcckwand.<br \/>\n<\/strong><\/p>\n<p>&nbsp;<\/p>\n<p><strong>Panasonic Classic Programm<br \/>\n<\/strong><\/p>\n<p><img loading=\"lazy\" decoding=\"async\" class=\"alignnone size-full wp-image-950\" src=\"https:\/\/sp-kruse.de\/wp-content\/uploads\/2024\/10\/Screenshot-2024-10-28-at-16-58-35-TX-50MXF687-Panasonic-Marken-Electronicpartner-DE-Website.png\" alt=\"\" width=\"941\" height=\"527\" srcset=\"https:\/\/sp-kruse.de\/wp-content\/uploads\/2024\/10\/Screenshot-2024-10-28-at-16-58-35-TX-50MXF687-Panasonic-Marken-Electronicpartner-DE-Website.png 941w, https:\/\/sp-kruse.de\/wp-content\/uploads\/2024\/10\/Screenshot-2024-10-28-at-16-58-35-TX-50MXF687-Panasonic-Marken-Electronicpartner-DE-Website-300x168.png 300w, https:\/\/sp-kruse.de\/wp-content\/uploads\/2024\/10\/Screenshot-2024-10-28-at-16-58-35-TX-50MXF687-Panasonic-Marken-Electronicpartner-DE-Website-768x430.png 768w, https:\/\/sp-kruse.de\/wp-content\/uploads\/2024\/10\/Screenshot-2024-10-28-at-16-58-35-TX-50MXF687-Panasonic-Marken-Electronicpartner-DE-Website-230x129.png 230w, https:\/\/sp-kruse.de\/wp-content\/uploads\/2024\/10\/Screenshot-2024-10-28-at-16-58-35-TX-50MXF687-Panasonic-Marken-Electronicpartner-DE-Website-350x196.png 350w, https:\/\/sp-kruse.de\/wp-content\/uploads\/2024\/10\/Screenshot-2024-10-28-at-16-58-35-TX-50MXF687-Panasonic-Marken-Electronicpartner-DE-Website-480x269.png 480w\" sizes=\"auto, (max-width: 941px) 100vw, 941px\" \/><\/p>\n<p><strong><a class=\"product__info-link\" href=\"https:\/\/www.ep-infonet.de\/epDE\/de\/Produkte\/TV-%26-Sound\/TV\/LED\/60---69-Zoll%2C-%28152---176cm%29\/65-CUA-8290-Paris\/p\/1373395\"><span class=\"product__info-name\"><em class=\"search-results-highlight\">TX-50MXF687UHD<\/em><\/span><\/a> Preis: \u20ac 699,-<br \/>\n<\/strong><\/p>\n<p><strong>Ein bedienbarer Smart-TV mit einfacher Fernbedienung auf f\u00fcr \u00e4ltere Menschen<\/strong><\/p>\n<p><strong>\u00a0Strong LED TV<\/strong><\/p>\n<p><img loading=\"lazy\" decoding=\"async\" class=\"alignnone wp-image-1085 size-full\" src=\"https:\/\/sp-kruse.de\/wp-content\/uploads\/2026\/03\/SRT40.png\" alt=\"\" width=\"936\" height=\"580\" srcset=\"https:\/\/sp-kruse.de\/wp-content\/uploads\/2026\/03\/SRT40.png 936w, https:\/\/sp-kruse.de\/wp-content\/uploads\/2026\/03\/SRT40-300x186.png 300w, https:\/\/sp-kruse.de\/wp-content\/uploads\/2026\/03\/SRT40-768x476.png 768w, https:\/\/sp-kruse.de\/wp-content\/uploads\/2026\/03\/SRT40-230x143.png 230w, https:\/\/sp-kruse.de\/wp-content\/uploads\/2026\/03\/SRT40-350x217.png 350w, https:\/\/sp-kruse.de\/wp-content\/uploads\/2026\/03\/SRT40-480x297.png 480w\" sizes=\"auto, (max-width: 936px) 100vw, 936px\" \/><\/p>\n<p>Strong SRT40 mit einfacher Fernbedienung und einer sehr guten Bildqualit\u00e4t.\u00a0 \u20ac 399,-<\/p>\n<p><strong>\u00a0<\/strong><\/p>\n<p><img loading=\"lazy\" decoding=\"async\" class=\"alignleft wp-image-121\" src=\"https:\/\/sp-kruse.de\/wp-content\/uploads\/2016\/12\/FM100-60S_1.png\" width=\"450\" height=\"485\" srcset=\"https:\/\/sp-kruse.de\/wp-content\/uploads\/2016\/12\/FM100-60S_1.png 928w, https:\/\/sp-kruse.de\/wp-content\/uploads\/2016\/12\/FM100-60S_1-278x300.png 278w, https:\/\/sp-kruse.de\/wp-content\/uploads\/2016\/12\/FM100-60S_1-768x828.png 768w, https:\/\/sp-kruse.de\/wp-content\/uploads\/2016\/12\/FM100-60S_1-830x894.png 830w, https:\/\/sp-kruse.de\/wp-content\/uploads\/2016\/12\/FM100-60S_1-230x248.png 230w, https:\/\/sp-kruse.de\/wp-content\/uploads\/2016\/12\/FM100-60S_1-350x377.png 350w, https:\/\/sp-kruse.de\/wp-content\/uploads\/2016\/12\/FM100-60S_1-480x517.png 480w\" sizes=\"auto, (max-width: 450px) 100vw, 450px\" \/><\/p>\n<p><strong>Cavus Designst\u00e4nder aus Edelstahl<\/strong><\/p>\n<p>In vielen verschiedenen Gr\u00f6\u00dfen und Ausf\u00fchrungen<\/p>\n<p><img decoding=\"async\" src=\"http:\/\/www.cavus.eu\/skin\/frontend\/default\/theme329k\/images\/cavus_logo.png\" alt=\"Cavus.eu\" \/><\/p>\n<p><img loading=\"lazy\" decoding=\"async\" class=\"alignnone wp-image-883 size-full\" src=\"https:\/\/sp-kruse.de\/wp-content\/uploads\/2024\/01\/Musicast200.webp\" alt=\"\" width=\"1500\" height=\"577\" srcset=\"https:\/\/sp-kruse.de\/wp-content\/uploads\/2024\/01\/Musicast200.webp 1500w, https:\/\/sp-kruse.de\/wp-content\/uploads\/2024\/01\/Musicast200-300x115.webp 300w, https:\/\/sp-kruse.de\/wp-content\/uploads\/2024\/01\/Musicast200-1024x394.webp 1024w, https:\/\/sp-kruse.de\/wp-content\/uploads\/2024\/01\/Musicast200-768x295.webp 768w, https:\/\/sp-kruse.de\/wp-content\/uploads\/2024\/01\/Musicast200-1000x385.webp 1000w, https:\/\/sp-kruse.de\/wp-content\/uploads\/2024\/01\/Musicast200-230x88.webp 230w, https:\/\/sp-kruse.de\/wp-content\/uploads\/2024\/01\/Musicast200-350x135.webp 350w, https:\/\/sp-kruse.de\/wp-content\/uploads\/2024\/01\/Musicast200-480x185.webp 480w\" sizes=\"auto, (max-width: 1500px) 100vw, 1500px\" \/><\/p>\n<p><strong>Yamaha Hifi MusicCast 200, Hifi Erlebnis in kompakter Form. Mit CD Player und Internetradio Ersatz f\u00fcr Ihre alte Hifi Anlage. Erweiterbar mit allen MusicCast Lautsprechern. Kommen Sie zum Probeh\u00f6ren! \u20ac 599,-<br \/>\n<\/strong><\/p>\n","protected":false},"excerpt":{"rendered":"<p>Hier finden Sie eine Auswahl an Hersteller aus dem Bereich Unterhaltungselektronik, die ich vertreibe. Metz TV &#8211; Made in Germany Metz OLED [&hellip;]<\/p>\n","protected":false},"author":1,"featured_media":0,"parent":0,"menu_order":0,"comment_status":"closed","ping_status":"closed","template":"","meta":{"footnotes":""},"class_list":["post-37","page","type-page","status-publish","hentry"],"_links":{"self":[{"href":"https:\/\/sp-kruse.de\/index.php?rest_route=\/wp\/v2\/pages\/37","targetHints":{"allow":["GET"]}}],"collection":[{"href":"https:\/\/sp-kruse.de\/index.php?rest_route=\/wp\/v2\/pages"}],"about":[{"href":"https:\/\/sp-kruse.de\/index.php?rest_route=\/wp\/v2\/types\/page"}],"author":[{"embeddable":true,"href":"https:\/\/sp-kruse.de\/index.php?rest_route=\/wp\/v2\/users\/1"}],"replies":[{"embeddable":true,"href":"https:\/\/sp-kruse.de\/index.php?rest_route=%2Fwp%2Fv2%2Fcomments&post=37"}],"version-history":[{"count":45,"href":"https:\/\/sp-kruse.de\/index.php?rest_route=\/wp\/v2\/pages\/37\/revisions"}],"predecessor-version":[{"id":1086,"href":"https:\/\/sp-kruse.de\/index.php?rest_route=\/wp\/v2\/pages\/37\/revisions\/1086"}],"wp:attachment":[{"href":"https:\/\/sp-kruse.de\/index.php?rest_route=%2Fwp%2Fv2%2Fmedia&parent=37"}],"curies":[{"name":"wp","href":"https:\/\/api.w.org\/{rel}","templated":true}]}}